{"id":93,"date":"2024-06-06T14:37:10","date_gmt":"2024-06-06T12:37:10","guid":{"rendered":"https:\/\/alliance-formation.com\/?page_id=93"},"modified":"2024-06-06T16:23:54","modified_gmt":"2024-06-06T14:23:54","slug":"tertiaire","status":"publish","type":"page","link":"https:\/\/alliance-formation.com\/index.php\/tertiaire\/","title":{"rendered":"TERTIAIRE"},"content":{"rendered":"<p>[et_pb_section fb_built=\u00a0\u00bb1&Prime; admin_label=\u00a0\u00bbImage\u00a0\u00bb _builder_version=\u00a0\u00bb4.23.1&Prime; _module_preset=\u00a0\u00bbdefault\u00a0\u00bb background_color=\u00a0\u00bbgcid-3fd27249-e45e-424f-9f7a-99d871f49a45&Prime; use_background_color_gradient=\u00a0\u00bbon\u00a0\u00bb background_color_gradient_stops=\u00a0\u00bbgcid-3fd27249-e45e-424f-9f7a-99d871f49a45 43%|#f8fafb 50%\u00a0\u00bb custom_padding=\u00a0\u00bb||||false|false\u00a0\u00bb collapsed=\u00a0\u00bbon\u00a0\u00bb global_colors_info=\u00a0\u00bb{%22gcid-3fd27249-e45e-424f-9f7a-99d871f49a45%22:%91%22background_color%22,%22background_color_gradient_stops%22%93}\u00a0\u00bb][et_pb_row _builder_version=\u00a0\u00bb4.19.2&Prime; _module_preset=\u00a0\u00bbdefault\u00a0\u00bb custom_padding=\u00a0\u00bb0px||0px||true|false\u00a0\u00bb global_colors_info=\u00a0\u00bb{}\u00a0\u00bb][et_pb_column type=\u00a0\u00bb4_4&Prime; _builder_version=\u00a0\u00bb4.19.2&Prime; _module_preset=\u00a0\u00bbdefault\u00a0\u00bb global_colors_info=\u00a0\u00bb{}\u00a0\u00bb][et_pb_text _builder_version=\u00a0\u00bb4.23.1&Prime; _module_preset=\u00a0\u00bb6a84d06a-6899-4e40-8423-dd6ac78a6983&Prime; header_text_color=\u00a0\u00bb#FFFFFF\u00a0\u00bb custom_margin=\u00a0\u00bb||10px||false|false\u00a0\u00bb global_colors_info=\u00a0\u00bb{}\u00a0\u00bb]<\/p>\n<h1>TERTIAIRE<\/h1>\n<p>[\/et_pb_text][\/et_pb_column][\/et_pb_row][et_pb_row custom_padding_last_edited=\u00a0\u00bboff|desktop\u00a0\u00bb _builder_version=\u00a0\u00bb4.23.1&Prime; _module_preset=\u00a0\u00bbdefault\u00a0\u00bb custom_padding=\u00a0\u00bb0px||0px||true|false\u00a0\u00bb custom_padding_tablet=\u00a0\u00bb30px|30px|30px|30px|true|true\u00a0\u00bb custom_padding_phone=\u00a0\u00bb20px|20px|20px|20px|true|true\u00a0\u00bb border_radii=\u00a0\u00bbon|15px|15px|15px|15px\u00a0\u00bb border_width_all=\u00a0\u00bb20px\u00a0\u00bb border_color_all=\u00a0\u00bb#FFFFFF\u00a0\u00bb global_colors_info=\u00a0\u00bb{}\u00a0\u00bb][et_pb_column type=\u00a0\u00bb4_4&Prime; _builder_version=\u00a0\u00bb4.23.1&Prime; _module_preset=\u00a0\u00bbdefault\u00a0\u00bb background_image=\u00a0\u00bbhttps:\/\/alliance-formation.com\/wp-content\/uploads\/2024\/06\/Design-sans-titre-2024-06-06T145145.907.png\u00a0\u00bb global_colors_info=\u00a0\u00bb{}\u00a0\u00bb][et_pb_image src=\u00a0\u00bbhttps:\/\/alliance-formation.com\/wp-content\/uploads\/2024\/06\/Design-sans-titre-2024-06-06T145145.907.png\u00a0\u00bb title_text=\u00a0\u00bbDesign sans titre &#8211; 2024-06-06T145145.907&Prime; _builder_version=\u00a0\u00bb4.23.1&Prime; _module_preset=\u00a0\u00bbdefault\u00a0\u00bb global_colors_info=\u00a0\u00bb{}\u00a0\u00bb][\/et_pb_image][\/et_pb_column][\/et_pb_row][\/et_pb_section][et_pb_section fb_built=\u00a0\u00bb1&Prime; background_color_2=\u00a0\u00bb#FFFFFF\u00a0\u00bb padding_top_2=\u00a0\u00bb30px\u00a0\u00bb padding_right_2=\u00a0\u00bb30px\u00a0\u00bb padding_bottom_2=\u00a0\u00bb30px\u00a0\u00bb padding_left_2=\u00a0\u00bb30px\u00a0\u00bb padding_top_bottom_link_2=\u00a0\u00bbtrue\u00a0\u00bb padding_left_right_link_2=\u00a0\u00bbtrue\u00a0\u00bb _builder_version=\u00a0\u00bb4.19.2&Prime; _module_preset=\u00a0\u00bbdefault\u00a0\u00bb background_color=\u00a0\u00bb#F8FAFB\u00a0\u00bb global_colors_info=\u00a0\u00bb{}\u00a0\u00bb][et_pb_row column_structure=\u00a0\u00bb2_3,1_3&Prime; _builder_version=\u00a0\u00bb4.19.2&Prime; _module_preset=\u00a0\u00bbdefault\u00a0\u00bb global_colors_info=\u00a0\u00bb{}\u00a0\u00bb][et_pb_column type=\u00a0\u00bb2_3&Prime; _builder_version=\u00a0\u00bb4.19.2&Prime; _module_preset=\u00a0\u00bbdefault\u00a0\u00bb global_colors_info=\u00a0\u00bb{}\u00a0\u00bb][et_pb_text _builder_version=\u00a0\u00bb4.23.1&Prime; _module_preset=\u00a0\u00bb9e79b6f2-643e-483b-b152-e54184a8ec87&Prime; custom_margin=\u00a0\u00bb||10px||false|false\u00a0\u00bb locked=\u00a0\u00bboff\u00a0\u00bb global_colors_info=\u00a0\u00bb{}\u00a0\u00bb]<\/p>\n<h2>LE TERTIAIRE<\/h2>\n<p>[\/et_pb_text][et_pb_text _builder_version=\u00a0\u00bb4.23.1&Prime; _module_preset=\u00a0\u00bbf19b3b0a-8758-4dc3-8ee2-0a81b2f70069&Prime; locked=\u00a0\u00bboff\u00a0\u00bb global_colors_info=\u00a0\u00bb{}\u00a0\u00bb]<\/p>\n<p>Dans toutes les entreprises de nos jours, le domaine tertiaire reste necessaire car l&rsquo;administratif reste au centre de toute soci\u00e9t\u00e9.<\/p>\n<p>[\/et_pb_text][et_pb_text _builder_version=\u00a0\u00bb4.23.1&Prime; _module_preset=\u00a0\u00bb9e79b6f2-643e-483b-b152-e54184a8ec87&Prime; locked=\u00a0\u00bboff\u00a0\u00bb global_colors_info=\u00a0\u00bb{}\u00a0\u00bb]<\/p>\n<h2>NOS FORMATIONS<\/h2>\n<p>[\/et_pb_text][et_pb_text _builder_version=\u00a0\u00bb4.23.1&Prime; _module_preset=\u00a0\u00bbf19b3b0a-8758-4dc3-8ee2-0a81b2f70069&Prime; custom_margin=\u00a0\u00bb||10px||false|false\u00a0\u00bb locked=\u00a0\u00bboff\u00a0\u00bb global_colors_info=\u00a0\u00bb{}\u00a0\u00bb]<\/p>\n<ul>\n<li>Titre assistante ressources humaines (ARH)<\/li>\n<li>Titre formateur pour adultes (FPA)<\/li>\n<\/ul>\n<p>[\/et_pb_text][\/et_pb_column][et_pb_column type=\u00a0\u00bb1_3&Prime; _builder_version=\u00a0\u00bb4.19.2&Prime; _module_preset=\u00a0\u00bbdefault\u00a0\u00bb background_color=\u00a0\u00bb#FFFFFF\u00a0\u00bb custom_padding=\u00a0\u00bb30px|30px|30px|30px|true|true\u00a0\u00bb border_radii=\u00a0\u00bbon|15px|15px|15px|15px\u00a0\u00bb global_colors_info=\u00a0\u00bb{}\u00a0\u00bb][et_pb_text _builder_version=\u00a0\u00bb4.23.1&Prime; _module_preset=\u00a0\u00bb691bd1cb-92e4-4c3b-8d0e-80aab80f1267&Prime; text_font_size=\u00a0\u00bb17px\u00a0\u00bb custom_padding=\u00a0\u00bb|0px||||\u00a0\u00bb locked=\u00a0\u00bboff\u00a0\u00bb global_colors_info=\u00a0\u00bb{}\u00a0\u00bb]<\/p>\n<p>Vous \u00eates int\u00e9r\u00e9ss\u00e9 par nos formations ?<\/p>\n<p>[\/et_pb_text][et_pb_button button_text=\u00a0\u00bbCONTACTEZ-NOUS\u00a0\u00bb _builder_version=\u00a0\u00bb4.23.1&Prime; _module_preset=\u00a0\u00bb6692e8f2-b7e7-4f45-b1c3-bf8cf2f300a6&Prime; button_bg_color=\u00a0\u00bbgcid-3fd27249-e45e-424f-9f7a-99d871f49a45&Prime; locked=\u00a0\u00bboff\u00a0\u00bb global_colors_info=\u00a0\u00bb{%22gcid-3fd27249-e45e-424f-9f7a-99d871f49a45%22:%91%22button_bg_color%22%93}\u00a0\u00bb][\/et_pb_button][et_pb_text _builder_version=\u00a0\u00bb4.23.1&Prime; _module_preset=\u00a0\u00bbdefault\u00a0\u00bb hover_enabled=\u00a0\u00bb0&Prime; sticky_enabled=\u00a0\u00bb0&Prime; locked=\u00a0\u00bboff\u00a0\u00bb]<\/p>\n<p><span>Toutes nos formations sont ouvertes \u00e0 l\u2019alternance en contrat d\u2019apprentissage ou en contrat de professionnalisation.<\/span><\/p>\n<p>[\/et_pb_text][\/et_pb_column][\/et_pb_row][\/et_pb_section]<\/p>\n","protected":false},"excerpt":{"rendered":"<p>TERTIAIRELE TERTIAIREDans toutes les entreprises de nos jours, le domaine tertiaire reste necessaire car l&rsquo;administratif reste au centre de toute soci\u00e9t\u00e9.NOS FORMATIONS Titre assistante ressources humaines (ARH) Titre formateur pour adultes (FPA) Vous \u00eates int\u00e9r\u00e9ss\u00e9 par nos formations ?Toutes nos formations sont ouvertes \u00e0 l\u2019alternance en contrat d\u2019apprentissage ou en contrat de professionnalisation.<\/p>\n","protected":false},"author":1,"featured_media":0,"parent":0,"menu_order":0,"comment_status":"closed","ping_status":"closed","template":"","meta":{"_et_pb_use_builder":"on","_et_pb_old_content":"[et_pb_section fb_built=\"1\" admin_label=\"Image\" _builder_version=\"4.23.1\" _module_preset=\"default\" background_color=\"gcid-3fd27249-e45e-424f-9f7a-99d871f49a45\" use_background_color_gradient=\"on\" background_color_gradient_stops=\"gcid-3fd27249-e45e-424f-9f7a-99d871f49a45 43%|#f8fafb 50%\" custom_padding=\"||||false|false\" collapsed=\"on\" global_colors_info=\"{%22gcid-3fd27249-e45e-424f-9f7a-99d871f49a45%22:%91%22background_color%22,%22background_color_gradient_stops%22%93}\"][et_pb_row _builder_version=\"4.19.2\" _module_preset=\"default\" custom_padding=\"0px||0px||true|false\" global_colors_info=\"{}\"][et_pb_column type=\"4_4\" _builder_version=\"4.19.2\" _module_preset=\"default\" global_colors_info=\"{}\"][et_pb_text _builder_version=\"4.23.1\" _module_preset=\"6a84d06a-6899-4e40-8423-dd6ac78a6983\" header_text_color=\"#FFFFFF\" custom_margin=\"||10px||false|false\" global_colors_info=\"{}\"]<h1>SECOURISME<\/h1>[\/et_pb_text][\/et_pb_column][\/et_pb_row][et_pb_row custom_padding_last_edited=\"off|desktop\" _builder_version=\"4.19.2\" _module_preset=\"default\" custom_padding=\"0px||0px||true|false\" custom_padding_tablet=\"30px|30px|30px|30px|true|true\" custom_padding_phone=\"20px|20px|20px|20px|true|true\" border_radii=\"on|15px|15px|15px|15px\" border_width_all=\"20px\" border_color_all=\"#FFFFFF\" global_colors_info=\"{}\"][et_pb_column type=\"4_4\" _builder_version=\"4.19.2\" _module_preset=\"default\" global_colors_info=\"{}\"][et_pb_image src=\"http:\/\/alliance-formation.com\/wp-content\/uploads\/2024\/05\/Design-sans-titre-2024-05-27T150421.812.png\" title_text=\"Design sans titre - 2024-05-27T150421.812\" align=\"center\" _builder_version=\"4.23.1\" _module_preset=\"default\" hover_enabled=\"0\" global_colors_info=\"{}\" sticky_enabled=\"0\"][\/et_pb_image][\/et_pb_column][\/et_pb_row][\/et_pb_section][et_pb_section fb_built=\"1\" background_color_2=\"#FFFFFF\" padding_top_2=\"30px\" padding_right_2=\"30px\" padding_bottom_2=\"30px\" padding_left_2=\"30px\" padding_top_bottom_link_2=\"true\" padding_left_right_link_2=\"true\" _builder_version=\"4.19.2\" _module_preset=\"default\" background_color=\"#F8FAFB\" global_colors_info=\"{}\"][et_pb_row column_structure=\"2_3,1_3\" _builder_version=\"4.19.2\" _module_preset=\"default\" global_colors_info=\"{}\"][et_pb_column type=\"2_3\" _builder_version=\"4.19.2\" _module_preset=\"default\" global_colors_info=\"{}\"][et_pb_text _builder_version=\"4.23.1\" _module_preset=\"9e79b6f2-643e-483b-b152-e54184a8ec87\" custom_margin=\"||10px||false|false\" locked=\"off\" global_colors_info=\"{}\"]<h2>LE SECOURISME<\/h2>[\/et_pb_text][et_pb_text _builder_version=\"4.23.1\" _module_preset=\"f19b3b0a-8758-4dc3-8ee2-0a81b2f70069\" locked=\"off\" global_colors_info=\"{}\"]<p><span>Un\u00a0<\/span><b>sauveteur secouriste du travail<\/b><span>\u00a0(<\/span><b>SST<\/b><span>) est un salari\u00e9 de l'entreprise form\u00e9. Son r\u00f4le est de porter les\u00a0<\/span>premiers secours<span>\u00a0\u00e0 toute victime d'un\u00a0<\/span>accident du travail<span>\u00a0ou d'un malaise, mais aussi d\u2019\u00eatre acteur de la pr\u00e9vention dans son entreprise. Il s'agit d'une d\u00e9l\u00e9gation de l'employeur en mati\u00e8re d'<\/span>hygi\u00e8ne et s\u00e9curit\u00e9 du travail<span>.<\/span><\/p>[\/et_pb_text][et_pb_text _builder_version=\"4.23.1\" _module_preset=\"9e79b6f2-643e-483b-b152-e54184a8ec87\" locked=\"off\" global_colors_info=\"{}\"]<h2>NOS FORMATIONS<\/h2>[\/et_pb_text][et_pb_text _builder_version=\"4.23.1\" _module_preset=\"f19b3b0a-8758-4dc3-8ee2-0a81b2f70069\" custom_margin=\"||10px||false|false\" hover_enabled=\"0\" locked=\"off\" global_colors_info=\"{}\" sticky_enabled=\"0\"]<ul>\n<li>Sauveteur secouriste du travail (SST)<\/li>\n<li>Maintien et actualisation des comp\u00e9tences sauveteur, secouriste du travail (MAC SST)<\/li>\n<li>MAC formateur SST<\/li>\n<\/ul>[\/et_pb_text][\/et_pb_column][et_pb_column type=\"1_3\" _builder_version=\"4.19.2\" _module_preset=\"default\" background_color=\"#FFFFFF\" custom_padding=\"30px|30px|30px|30px|true|true\" border_radii=\"on|15px|15px|15px|15px\" global_colors_info=\"{}\"][et_pb_text _builder_version=\"4.23.1\" _module_preset=\"691bd1cb-92e4-4c3b-8d0e-80aab80f1267\" text_font_size=\"17px\" custom_padding=\"|0px||||\" locked=\"off\" global_colors_info=\"{}\"]<p>Vous \u00eates int\u00e9r\u00e9ss\u00e9 par nos formations ?<\/p>[\/et_pb_text][et_pb_button button_text=\"CONTACTEZ-NOUS\" _builder_version=\"4.23.1\" _module_preset=\"6692e8f2-b7e7-4f45-b1c3-bf8cf2f300a6\" button_bg_color=\"gcid-3fd27249-e45e-424f-9f7a-99d871f49a45\" hover_enabled=\"0\" locked=\"off\" global_colors_info=\"{%22gcid-3fd27249-e45e-424f-9f7a-99d871f49a45%22:%91%22button_bg_color%22%93}\" sticky_enabled=\"0\"][\/et_pb_button][\/et_pb_column][\/et_pb_row][\/et_pb_section]","_et_gb_content_width":"","footnotes":""},"class_list":["post-93","page","type-page","status-publish","hentry"],"_links":{"self":[{"href":"https:\/\/alliance-formation.com\/index.php\/wp-json\/wp\/v2\/pages\/93","targetHints":{"allow":["GET"]}}],"collection":[{"href":"https:\/\/alliance-formation.com\/index.php\/wp-json\/wp\/v2\/pages"}],"about":[{"href":"https:\/\/alliance-formation.com\/index.php\/wp-json\/wp\/v2\/types\/page"}],"author":[{"embeddable":true,"href":"https:\/\/alliance-formation.com\/index.php\/wp-json\/wp\/v2\/users\/1"}],"replies":[{"embeddable":true,"href":"https:\/\/alliance-formation.com\/index.php\/wp-json\/wp\/v2\/comments?post=93"}],"version-history":[{"count":4,"href":"https:\/\/alliance-formation.com\/index.php\/wp-json\/wp\/v2\/pages\/93\/revisions"}],"predecessor-version":[{"id":185,"href":"https:\/\/alliance-formation.com\/index.php\/wp-json\/wp\/v2\/pages\/93\/revisions\/185"}],"wp:attachment":[{"href":"https:\/\/alliance-formation.com\/index.php\/wp-json\/wp\/v2\/media?parent=93"}],"curies":[{"name":"wp","href":"https:\/\/api.w.org\/{rel}","templated":true}]}}